{"id":15696,"date":"2026-04-21T07:15:37","date_gmt":"2026-04-21T07:15:37","guid":{"rendered":"https:\/\/ourtur.com\/?page_id=15696"},"modified":"2026-04-21T07:18:29","modified_gmt":"2026-04-21T07:18:29","slug":"15696-2","status":"publish","type":"page","link":"https:\/\/ourtur.com\/en\/15696-2\/","title":{"rendered":"\u0130ptal ve \u0130ade Politikas\u0131"},"content":{"rendered":"\t\t<div data-elementor-type=\"wp-page\" data-elementor-id=\"15696\" class=\"elementor elementor-15696\" data-elementor-post-type=\"page\">\n\t\t\t\t<div class=\"elementor-element elementor-element-69f6d8e e-flex e-con-boxed e-con e-parent\" data-id=\"69f6d8e\" data-element_type=\"container\" data-e-type=\"container\">\n\t\t\t\t\t<div class=\"e-con-inner\">\n\t\t\t\t<div class=\"elementor-element elementor-element-42010742 elementor-widget elementor-widget-text-editor\" data-id=\"42010742\" data-element_type=\"widget\" data-e-type=\"widget\" data-widget_type=\"text-editor.default\">\n\t\t\t\t<div class=\"elementor-widget-container\">\n\t\t\t\t\t\t\t\t\t\n<h1 class=\"wp-block-heading\"><\/h1>\n\t\t\t\t\t\t\t\t<\/div>\n\t\t\t\t<\/div>\n\t\t\t\t\t<\/div>\n\t\t\t\t<\/div>\n\t\t\t\t<div class=\"elementor-element elementor-element-83d5c1b e-con e-atomic-element e-flexbox-base\" data-id=\"83d5c1b\" data-element_type=\"e-flexbox\" data-e-type=\"e-flexbox\" data-interaction-id=\"83d5c1b\">\n\t\t\t\t\t\t\t\n\t\t<img class=\"e-image-base \" \n\t\t\t\t\tdata-interaction-id=\"da72575\" \n\t\t \n\t\t \n\t\t\t\t\t\t\t\t\tid=\"15697\"\n\t\t\t\t\t\t\t\t\t\t\t\tsrc=\"https:\/\/ourtur.com\/wp-content\/uploads\/2026\/04\/Gemini_Generated_Image_wnf3odwnf3odwnf3-scaled.webp\"\n\t\t\t\t\t\t\t\t\t\t\t\twidth=\"1920\"\n\t\t\t\t\t\t\t\t\t\t\t\theight=\"1920\"\n\t\t\t\t\t\t\t\t\t\t\t\tsrcset=\"https:\/\/ourtur.com\/wp-content\/uploads\/2026\/04\/Gemini_Generated_Image_wnf3odwnf3odwnf3-scaled.webp 1920w, https:\/\/ourtur.com\/wp-content\/uploads\/2026\/04\/Gemini_Generated_Image_wnf3odwnf3odwnf3-300x300.webp 300w, https:\/\/ourtur.com\/wp-content\/uploads\/2026\/04\/Gemini_Generated_Image_wnf3odwnf3odwnf3-1024x1024.webp 1024w, https:\/\/ourtur.com\/wp-content\/uploads\/2026\/04\/Gemini_Generated_Image_wnf3odwnf3odwnf3-150x150.webp 150w, https:\/\/ourtur.com\/wp-content\/uploads\/2026\/04\/Gemini_Generated_Image_wnf3odwnf3odwnf3-1536x1536.webp 1536w, https:\/\/ourtur.com\/wp-content\/uploads\/2026\/04\/Gemini_Generated_Image_wnf3odwnf3odwnf3-100x100.webp 100w\"\n\t\t\t\t\t\t\t\t\t\t\t\talt=\"\"\n\t\t\t\t\t\t\/>\n\t\t\t\t\t<\/div>\n\t\t\t\t<\/div>\n\t\t","protected":false},"excerpt":{"rendered":"","protected":false},"author":1,"featured_media":0,"parent":0,"menu_order":0,"comment_status":"closed","ping_status":"closed","template":"","meta":{"footnotes":""},"class_list":["post-15696","page","type-page","status-publish","has-post-thumbnail","hentry"],"_hostinger_reach_plugin_has_subscription_block":false,"_hostinger_reach_plugin_is_elementor":false,"_links":{"self":[{"href":"https:\/\/ourtur.com\/en\/wp-json\/wp\/v2\/pages\/15696","targetHints":{"allow":["GET"]}}],"collection":[{"href":"https:\/\/ourtur.com\/en\/wp-json\/wp\/v2\/pages"}],"about":[{"href":"https:\/\/ourtur.com\/en\/wp-json\/wp\/v2\/types\/page"}],"author":[{"embeddable":true,"href":"https:\/\/ourtur.com\/en\/wp-json\/wp\/v2\/users\/1"}],"replies":[{"embeddable":true,"href":"https:\/\/ourtur.com\/en\/wp-json\/wp\/v2\/comments?post=15696"}],"version-history":[{"count":5,"href":"https:\/\/ourtur.com\/en\/wp-json\/wp\/v2\/pages\/15696\/revisions"}],"predecessor-version":[{"id":15703,"href":"https:\/\/ourtur.com\/en\/wp-json\/wp\/v2\/pages\/15696\/revisions\/15703"}],"wp:attachment":[{"href":"https:\/\/ourtur.com\/en\/wp-json\/wp\/v2\/media?parent=15696"}],"curies":[{"name":"wp","href":"https:\/\/api.w.org\/{rel}","templated":true}]}}